{"id":15347,"date":"2019-06-05T11:31:15","date_gmt":"2019-06-05T09:31:15","guid":{"rendered":"https:\/\/www.geniu.com\/de\/?page_id=15347"},"modified":"2023-04-05T14:43:59","modified_gmt":"2023-04-05T12:43:59","slug":"teilnahmebedingungen","status":"publish","type":"page","link":"http:\/\/geniu.tv\/de\/weiterbildung\/teilnahmebedingungen\/","title":{"rendered":"Teilnahmebedingungen f\u00fcr Veranstaltungen"},"content":{"rendered":"<div class=\"fusion-fullwidth fullwidth-box fusion-builder-row-1 nonhundred-percent-fullwidth non-hundred-percent-height-scrolling\" style=\"background-color: #ffffff;background-position: center center;background-repeat: no-repeat;padding-top:0px;padding-right:0px;padding-bottom:0px;padding-left:0px;margin-bottom: 0px;margin-top: 0px;border-width: 0px 0px 0px 0px;border-color:#eae9e9;border-style:solid;\" ><div class=\"fusion-builder-row fusion-row\"><div class=\"fusion-layout-column fusion_builder_column fusion-builder-column-0 fusion_builder_column_1_1 1_1 fusion-one-full fusion-column-first fusion-column-last\" style=\"margin-top:0px;margin-bottom:20px;\"><div class=\"fusion-column-wrapper fusion-flex-column-wrapper-legacy\" style=\"background-position:left top;background-repeat:no-repeat;-webkit-background-size:cover;-moz-background-size:cover;-o-background-size:cover;background-size:cover;padding: 0px 0px 0px 0px;\"><div class=\"fusion-text fusion-text-1\"><h1>Teilnahmebedingungen f\u00fcr Veranstaltungen<\/h1>\n<p>(G\u00fcltig ab 01.01.2019)<\/p>\n<p><b>Mit der Anmeldung akzeptieren Sie die folgenden Teilnahmebedingungen:<\/b><\/p>\n<p><b>Anmeldung<\/b><br \/>\nAnmeldungen bed\u00fcrfen der Schriftform und sind \u00fcber das Webformular der jeweiligen Veranstaltung auf www.geniu.com\/de\/veranstaltungen\/ vorzunehmen.<br \/>\nDie Anmeldung wird mit dem Eingang bei Geniu verbindlich.<\/p>\n<p><b>Teilnahmegeb\u00fchr<\/b><br \/>\nDie Teilnahmegeb\u00fchr schlie\u00dft bei Pr\u00e4senzveranstaltungen die Veranstaltungsunterlagen und eine Teilnahmebescheinigung sowie Mittagessen und Pausengetr\u00e4nke ein.<\/p>\n<p><b>Veranstaltungsunterlagen<\/b><br \/>\nSoweit in der Einzelank\u00fcndigung der Veranstaltung nichts Abweichendes geregelt ist, erh\u00e4lt der\/die Teilnehmer\/in die Veranstaltungsunterlagen als Ausdruck vor Ort oder ggf. als PDF-Dokumente ca. 2 Tage vor der Veranstaltung per E-Mail.<\/p>\n<p><b>Teilnehmerlizenz<\/b><br \/>\nMit den Dokumenten (als Download\/auf einem USB-Stick oder ggf. in gedruckter Form) erh\u00e4lt der\/die Teilnehmer\/in ausschlie\u00dflich das Recht zur eigenen Nutzung (Teilnehmerlizenz). Er\/sie ist ausdr\u00fccklich nicht berechtigt dieses Dokumentes z.B. als (gescannte) PDF-Datei auf einem Firmen- oder Webserver abzulegen, per E-Mail weiterzuleiten oder auf sonstigem Wege zu vervielf\u00e4ltigen oder Dritten zug\u00e4nglich zu machen. Kein Bestandteil der Inhalte in unver\u00e4nderter oder ver\u00e4nderter Form darf vom Teilnehmer kopiert, zitiert, vervielf\u00e4ltigt, \u00fcbersetzt, nachgedruckt oder an Dritte weitergegeben oder ver\u00e4u\u00dfert werden.<\/p>\n<p><b>Stornierung durch Teilnehmer\/in<\/b><br \/>\nF\u00fcr Stornierungen bis 14 Tage vor Veranstaltungsbeginn wird eine Geb\u00fchr in H\u00f6he von 199,00 \u20ac zzgl. MwSt. berechnet. F\u00fcr sp\u00e4tere Stornierungen f\u00e4llt die volle Teilnahmegeb\u00fchr an. Ma\u00dfgebend ist bei Stornierungen der Zeitpunkt des Eingangs bei Geniu.<br \/>\nBei Verhinderung eines\/einer angemeldeten Teilnehmers\/Teilnehmerin kann ein\/eine Ersatzteilnehmer\/in benannt werden.<\/p>\n<p><b>Stornierung<\/b><br \/>\nBei Absage von Seiten des Veranstalters werden die Teilnahmegeb\u00fchren in voller H\u00f6he zur\u00fcckerstattet. Weitergehende Anspr\u00fcche sind ausgeschlossen.<br \/>\nCa. vier bis sechs Wochen vor dem Veranstaltungstermin entscheiden, ob die Veranstaltung stattfinden kann.. Daher sollten Sie auf die Stornierungsbedingungen z.B. der Bahn bzw. des Hotels achten.<\/p>\n<p><b>Zahlungsbedingungen<\/b><br \/>\nDie Teilnahmegeb\u00fchr ist unmittelbar nach Erhalt der Rechnung ohne Abzug zu zahlen. Die Rechnungsstellung erfolgt 7 Tage vor dem Beginn der Veranstaltung<\/p>\n<p><b>\u00c4nderungen<br \/>\n<\/b>\u00c4nderungen des Programms behalten wir uns vor.<\/p>\n<\/div><div class=\"fusion-clearfix\"><\/div><\/div><\/div><\/div><\/div>\n","protected":false},"excerpt":{"rendered":"","protected":false},"author":1,"featured_media":0,"parent":13904,"menu_order":0,"comment_status":"closed","ping_status":"closed","template":"","meta":{"footnotes":""},"yoast_head":"<!-- This site is optimized with the Yoast SEO plugin v21.8 - https:\/\/yoast.com\/wordpress\/plugins\/seo\/ -->\n<title>Teilnahmebedingungen f\u00fcr Veranstaltungen - Beratung und Weiterbildung f\u00fcr Labore | Geniu<\/title>\n<meta name=\"robots\" content=\"index, follow, max-snippet:-1, max-image-preview:large, max-video-preview:-1\" \/>\n<link rel=\"canonical\" href=\"http:\/\/geniu.tv\/de\/weiterbildung\/teilnahmebedingungen\/\" \/>\n<meta property=\"og:locale\" content=\"de_DE\" \/>\n<meta property=\"og:type\" content=\"article\" \/>\n<meta property=\"og:title\" content=\"Teilnahmebedingungen f\u00fcr Veranstaltungen - Beratung und Weiterbildung f\u00fcr Labore | Geniu\" \/>\n<meta property=\"og:url\" content=\"http:\/\/geniu.tv\/de\/weiterbildung\/teilnahmebedingungen\/\" \/>\n<meta property=\"og:site_name\" content=\"Beratung und Weiterbildung f\u00fcr Labore | Geniu\" \/>\n<meta property=\"article:modified_time\" content=\"2023-04-05T12:43:59+00:00\" \/>\n<meta name=\"twitter:card\" content=\"summary_large_image\" \/>\n<meta name=\"twitter:label1\" content=\"Gesch\u00e4tzte Lesezeit\" \/>\n\t<meta name=\"twitter:data1\" content=\"3 Minuten\" \/>\n<script type=\"application\/ld+json\" class=\"yoast-schema-graph\">{\"@context\":\"https:\/\/schema.org\",\"@graph\":[{\"@type\":\"WebPage\",\"@id\":\"http:\/\/geniu.tv\/de\/weiterbildung\/teilnahmebedingungen\/\",\"url\":\"http:\/\/geniu.tv\/de\/weiterbildung\/teilnahmebedingungen\/\",\"name\":\"Teilnahmebedingungen f\u00fcr Veranstaltungen - Beratung und Weiterbildung f\u00fcr Labore | Geniu\",\"isPartOf\":{\"@id\":\"http:\/\/geniu.tv\/de\/#website\"},\"datePublished\":\"2019-06-05T09:31:15+00:00\",\"dateModified\":\"2023-04-05T12:43:59+00:00\",\"breadcrumb\":{\"@id\":\"http:\/\/geniu.tv\/de\/weiterbildung\/teilnahmebedingungen\/#breadcrumb\"},\"inLanguage\":\"de-DE\",\"potentialAction\":[{\"@type\":\"ReadAction\",\"target\":[\"http:\/\/geniu.tv\/de\/weiterbildung\/teilnahmebedingungen\/\"]}]},{\"@type\":\"BreadcrumbList\",\"@id\":\"http:\/\/geniu.tv\/de\/weiterbildung\/teilnahmebedingungen\/#breadcrumb\",\"itemListElement\":[{\"@type\":\"ListItem\",\"position\":1,\"name\":\"Home\",\"item\":\"http:\/\/geniu.tv\/de\/\"},{\"@type\":\"ListItem\",\"position\":2,\"name\":\"Weiterbildung\",\"item\":\"http:\/\/geniu.tv\/de\/weiterbildung\/\"},{\"@type\":\"ListItem\",\"position\":3,\"name\":\"Teilnahmebedingungen f\u00fcr Veranstaltungen\"}]},{\"@type\":\"WebSite\",\"@id\":\"http:\/\/geniu.tv\/de\/#website\",\"url\":\"http:\/\/geniu.tv\/de\/\",\"name\":\"Beratung und Weiterbildung f\u00fcr Labore | Geniu\",\"description\":\"Beratung und Weiterbildung f\u00fcr Labore\",\"publisher\":{\"@id\":\"http:\/\/geniu.tv\/de\/#organization\"},\"potentialAction\":[{\"@type\":\"SearchAction\",\"target\":{\"@type\":\"EntryPoint\",\"urlTemplate\":\"http:\/\/geniu.tv\/de\/?s={search_term_string}\"},\"query-input\":\"required name=search_term_string\"}],\"inLanguage\":\"de-DE\"},{\"@type\":\"Organization\",\"@id\":\"http:\/\/geniu.tv\/de\/#organization\",\"name\":\"Geniu GmbH\",\"url\":\"http:\/\/geniu.tv\/de\/\",\"logo\":{\"@type\":\"ImageObject\",\"inLanguage\":\"de-DE\",\"@id\":\"http:\/\/geniu.tv\/de\/#\/schema\/logo\/image\/\",\"url\":\"http:\/\/geniu.tv\/de\/wp-content\/uploads\/sites\/3\/2018\/05\/geniu_logo@2x.png\",\"contentUrl\":\"http:\/\/geniu.tv\/de\/wp-content\/uploads\/sites\/3\/2018\/05\/geniu_logo@2x.png\",\"width\":158,\"height\":48,\"caption\":\"Geniu GmbH\"},\"image\":{\"@id\":\"http:\/\/geniu.tv\/de\/#\/schema\/logo\/image\/\"}}]}<\/script>\n<!-- \/ Yoast SEO plugin. -->","yoast_head_json":{"title":"Teilnahmebedingungen f\u00fcr Veranstaltungen - Beratung und Weiterbildung f\u00fcr Labore | Geniu","robots":{"index":"index","follow":"follow","max-snippet":"max-snippet:-1","max-image-preview":"max-image-preview:large","max-video-preview":"max-video-preview:-1"},"canonical":"http:\/\/geniu.tv\/de\/weiterbildung\/teilnahmebedingungen\/","og_locale":"de_DE","og_type":"article","og_title":"Teilnahmebedingungen f\u00fcr Veranstaltungen - Beratung und Weiterbildung f\u00fcr Labore | Geniu","og_url":"http:\/\/geniu.tv\/de\/weiterbildung\/teilnahmebedingungen\/","og_site_name":"Beratung und Weiterbildung f\u00fcr Labore | Geniu","article_modified_time":"2023-04-05T12:43:59+00:00","twitter_card":"summary_large_image","twitter_misc":{"Gesch\u00e4tzte Lesezeit":"3 Minuten"},"schema":{"@context":"https:\/\/schema.org","@graph":[{"@type":"WebPage","@id":"http:\/\/geniu.tv\/de\/weiterbildung\/teilnahmebedingungen\/","url":"http:\/\/geniu.tv\/de\/weiterbildung\/teilnahmebedingungen\/","name":"Teilnahmebedingungen f\u00fcr Veranstaltungen - Beratung und Weiterbildung f\u00fcr Labore | Geniu","isPartOf":{"@id":"http:\/\/geniu.tv\/de\/#website"},"datePublished":"2019-06-05T09:31:15+00:00","dateModified":"2023-04-05T12:43:59+00:00","breadcrumb":{"@id":"http:\/\/geniu.tv\/de\/weiterbildung\/teilnahmebedingungen\/#breadcrumb"},"inLanguage":"de-DE","potentialAction":[{"@type":"ReadAction","target":["http:\/\/geniu.tv\/de\/weiterbildung\/teilnahmebedingungen\/"]}]},{"@type":"BreadcrumbList","@id":"http:\/\/geniu.tv\/de\/weiterbildung\/teilnahmebedingungen\/#breadcrumb","itemListElement":[{"@type":"ListItem","position":1,"name":"Home","item":"http:\/\/geniu.tv\/de\/"},{"@type":"ListItem","position":2,"name":"Weiterbildung","item":"http:\/\/geniu.tv\/de\/weiterbildung\/"},{"@type":"ListItem","position":3,"name":"Teilnahmebedingungen f\u00fcr Veranstaltungen"}]},{"@type":"WebSite","@id":"http:\/\/geniu.tv\/de\/#website","url":"http:\/\/geniu.tv\/de\/","name":"Beratung und Weiterbildung f\u00fcr Labore | Geniu","description":"Beratung und Weiterbildung f\u00fcr Labore","publisher":{"@id":"http:\/\/geniu.tv\/de\/#organization"},"potentialAction":[{"@type":"SearchAction","target":{"@type":"EntryPoint","urlTemplate":"http:\/\/geniu.tv\/de\/?s={search_term_string}"},"query-input":"required name=search_term_string"}],"inLanguage":"de-DE"},{"@type":"Organization","@id":"http:\/\/geniu.tv\/de\/#organization","name":"Geniu GmbH","url":"http:\/\/geniu.tv\/de\/","logo":{"@type":"ImageObject","inLanguage":"de-DE","@id":"http:\/\/geniu.tv\/de\/#\/schema\/logo\/image\/","url":"http:\/\/geniu.tv\/de\/wp-content\/uploads\/sites\/3\/2018\/05\/geniu_logo@2x.png","contentUrl":"http:\/\/geniu.tv\/de\/wp-content\/uploads\/sites\/3\/2018\/05\/geniu_logo@2x.png","width":158,"height":48,"caption":"Geniu GmbH"},"image":{"@id":"http:\/\/geniu.tv\/de\/#\/schema\/logo\/image\/"}}]}},"_links":{"self":[{"href":"http:\/\/geniu.tv\/de\/wp-json\/wp\/v2\/pages\/15347"}],"collection":[{"href":"http:\/\/geniu.tv\/de\/wp-json\/wp\/v2\/pages"}],"about":[{"href":"http:\/\/geniu.tv\/de\/wp-json\/wp\/v2\/types\/page"}],"author":[{"embeddable":true,"href":"http:\/\/geniu.tv\/de\/wp-json\/wp\/v2\/users\/1"}],"replies":[{"embeddable":true,"href":"http:\/\/geniu.tv\/de\/wp-json\/wp\/v2\/comments?post=15347"}],"version-history":[{"count":0,"href":"http:\/\/geniu.tv\/de\/wp-json\/wp\/v2\/pages\/15347\/revisions"}],"up":[{"embeddable":true,"href":"http:\/\/geniu.tv\/de\/wp-json\/wp\/v2\/pages\/13904"}],"wp:attachment":[{"href":"http:\/\/geniu.tv\/de\/wp-json\/wp\/v2\/media?parent=15347"}],"curies":[{"name":"wp","href":"https:\/\/api.w.org\/{rel}","templated":true}]}}